{"id":692,"date":"2024-07-10T19:44:39","date_gmt":"2024-07-10T19:44:39","guid":{"rendered":"https:\/\/www.hornok.sk\/hico_dev_2\/?page_id=692"},"modified":"2025-04-19T12:35:11","modified_gmt":"2025-04-19T12:35:11","slug":"projektovy-manazment","status":"publish","type":"page","link":"https:\/\/www.hico.sk\/?page_id=692","title":{"rendered":"Projektov\u00fd mana\u017ement"},"content":{"rendered":"\n<div data-aos= \"slide-down\" data-aos-duration=\"400\" data-aos-delay=\"0\" data-aos-easing=\"ease\" data-aos-once=\"true\" class=\"wp-block-uagb-container uagb-block-920d653e alignfull uagb-is-root-container\"><div class=\"uagb-container-inner-blocks-wrap\">\n<div data-aos= \"fade-down\" data-aos-duration=\"400\" data-aos-delay=\"0\" data-aos-easing=\"ease\" data-aos-once=\"true\" class=\"wp-block-uagb-advanced-heading uagb-block-cff03805\"><h1 class=\"uagb-heading-text\">PROJEKTOV\u00dd MANA\u017dMENT<\/h1><\/div>\n<\/div><\/div>\n\n\n\n<p><\/p>\n\n\n\n<div class=\"wp-block-group alignfull is-content-justification-center is-layout-constrained wp-block-group-is-layout-constrained\">\n<div class=\"wp-block-uagb-slider uagb-block-256f831c uagb-slider-container\"><div class=\"uagb-slides uagb-swiper\"><div class=\"swiper-wrapper\">\n<div class=\"wp-block-uagb-slider-child uagb-slider-child-wrap swiper-slide uagb-block-44f74de9\"><div class=\"swiper-content\">\n<div class=\"wp-block-uagb-container uagb-block-e52717f4 alignfull uagb-is-root-container\"><div class=\"uagb-container-inner-blocks-wrap\">\n<div class=\"wp-block-uagb-advanced-heading uagb-block-9406d4cd\"><h2 class=\"uagb-heading-text\"><em><strong>Projektov\u00fd mana\u017ement<\/strong><\/em><\/h2><\/div>\n\n\n\n<p>Projektov\u00fd mana\u017ement predstavuje komplexn\u00e9 riadenie stavebn\u00fdch projektov pozemn\u00e9ho stavite\u013estva vo v\u0161etk\u00fdch f\u00e1zach investi\u010dn\u00e9ho procesu. Okrem z\u00e1kladn\u00fdch \u010dinnost\u00ed v investi\u010dnej v\u00fdstavbe, ktor\u00e9 ozna\u010dujeme ako in\u017einierska \u010dinnos\u0165, riadenie n\u00e1kladov, stavebn\u00fd a technick\u00fd dozor investora sa zameriavame na organizovanie a vyhodnocovanie v\u00fdberov\u00fdch konan\u00ed na projektantov, dod\u00e1vate\u013eov a subdod\u00e1vate\u013eov. Pri v\u00fdbere projektantov spracov\u00e1vame zadania pre projektov\u00e9 kancel\u00e1rie, vr\u00e1tane riadenia zmien v projektovej dokument\u00e1ci\u00ed. Pri v\u00fdbere dod\u00e1vate\u013eov zabezpe\u010dujem komplexn\u00e9 pr\u00e1vne poradenstvo vr\u00e1tane, optimaliz\u00e1cie projektov\u00e9ho, technick\u00e9ho a n\u00e1kladov\u00e9ho rie\u0161enia stavby. Prioritou na\u0161ej spolo\u010dnosti je poskytova\u0165 komplexn\u00fd servis od my\u0161lienky a\u017e po uvedenie stavby do prev\u00e1dzky, niektor\u00e9 \u010dinnosti v\u0161ak poskytujeme aj samostatne, pod\u013ea po\u017eiadaviek klienta. Pri na\u0161ej pr\u00e1ci pou\u017e\u00edvame nieko\u013eko \u0161pecifick\u00fdch postupov ako napr\u00edklad \u201eDigit\u00e1lny stavebn\u00fd denn\u00edk\u201c a \u201eManu\u00e1l stavby\u201c.<br><br><strong>Digit\u00e1lny stavebn\u00fd denn\u00edk<\/strong>&nbsp;predstavuje modern\u00fa formu z\u00e1znamov o postupe stavebn\u00fdch pr\u00e1c v podmienkach s\u00fa\u010dasn\u00e9ho stavebn\u00edctva. Okrem z\u00e1znamov v zmysle platnej legislat\u00edvy a v\u0161eobecne zau\u017e\u00edvan\u00fdch postupov obsahuje digit\u00e1lny stavebn\u00fd denn\u00edk aj profesion\u00e1lne zhotoven\u00e9 fotografie d\u00f4le\u017eit\u00fdch detailov, zakryt\u00fdch kon\u0161trukci\u00ed a trvalo zabudovan\u00fdch s\u00fa\u010dast\u00ed stavby. Takto spracovan\u00fd dokument sl\u00fa\u017ei nielen na kontrolu stavebn\u00fdch pr\u00e1c po\u010das v\u00fdstavby, ale svoje nezastupite\u013en\u00e9 miesto m\u00e1 pri neskor\u0161om zmene majite\u013ea stavby alebo rekon\u0161trukci\u00e1ch a prestavb\u00e1ch v bud\u00facom obdob\u00ed. Integr\u00e1lnou s\u00fa\u010das\u0165ou digit\u00e1lneho stavebn\u00e9ho denn\u00edka s\u00fa rozpo\u010dty, harmonogramy a r\u00f4zne formy automaticky generovan\u00fdch reportov prestavanosti a aktu\u00e1lnej situ\u00e1cie na stavbe, inform\u00e1cie o subdod\u00e1vate\u013eoch, inform\u00e1cie o zabudovan\u00fdch stavebn\u00fdch materi\u00e1loch i inform\u00e1cie o stave a dodr\u017eiavan\u00ed BOZP na stavbe. V\u00fdhodou digit\u00e1lneho stavebn\u00e9ho denn\u00edka je predov\u0161etk\u00fdm jeho online verzia a zdie\u013eanie inform\u00e1ci\u00ed aj bez nutnosti ka\u017edodennej n\u00e1v\u0161tevy stavby.&nbsp;<\/p>\n\n\n\n<p><strong>Manu\u00e1l stavby<\/strong>&nbsp;pova\u017eujeme za z\u00e1kladn\u00fd dokument pre odovzdanie stavebn\u00e9ho diela u\u017e\u00edvate\u013eovi. Tento komplexn\u00fd dokument obsahuje n\u00e1vody na prev\u00e1dzku a \u00fadr\u017ebu v\u0161etk\u00fdch \u010dast\u00ed stavby vr\u00e1tane z\u00e1ru\u010dn\u00fdch listov, certifik\u00e1tov a n\u00e1vodov na obsluhu. Spracovanie manu\u00e1lu stavby sa za\u010d\u00edna prv\u00fdm d\u0148om ka\u017edej stavby. Obsahuje technologick\u00e9 postupy pou\u017eit\u00e9 pri konkr\u00e9tnej stavbe, zamerania, projekty skuto\u010dn\u00e9ho vyhotovenia, certifik\u00e1ty zabudovan\u00fdch materi\u00e1lov a pod. a to v\u0161etko v praktickej a preh\u013eadnej podobe vo forme CD alebo DVD.<\/p>\n<\/div><\/div>\n<\/div><\/div>\n\n\n\n<div class=\"wp-block-uagb-slider-child uagb-slider-child-wrap swiper-slide uagb-block-c29a11e9\"><div class=\"swiper-content\">\n<div class=\"wp-block-uagb-container uagb-block-1c7b90bf alignfull uagb-is-root-container\"><div class=\"uagb-container-inner-blocks-wrap\">\n<div class=\"wp-block-uagb-advanced-heading uagb-block-00204ca2\"><h2 class=\"uagb-heading-text\"><em><strong>Koordin\u00e1tor bezpe\u010dnosti<\/strong><\/em><\/h2><\/div>\n<\/div><\/div>\n\n\n\n<p>Slu\u017ebu koordin\u00e1tora bezpe\u010dnosti poskytujeme na z\u00e1klade na\u0161ej odbornej sp\u00f4sobilosti v plnom rozsahu a v s\u00falade s NV \u010d. 396\/2006 Z.z. Vo f\u00e1ze pr\u00edpravy stavby pre V\u00e1s vypracujeme Pl\u00e1n BOZP na stavenisko, na z\u00e1klade poverenia ohl\u00e1sime stavebn\u00e9 pr\u00e1ce pr\u00edslu\u0161n\u00e9mu krajsk\u00e9mu in\u0161pektor\u00e1tu pr\u00e1ce, poskytneme konzult\u00e1cie pri v\u00fdbere zhotovite\u013ea a jeho pos\u00fadenie z h\u013eadiska BOZP a OPP vr\u00e1tane zapracovania \u0161pecifick\u00fdch po\u017eiadaviek do zmluvn\u00e9ho vz\u0165ahu. Vo f\u00e1ze realiz\u00e1cie koordinujeme spolupr\u00e1cu zhotovite\u013eov z h\u013eadiska BOZP, periodicky sledujeme dodr\u017eiavanie bezpe\u010dnostn\u00fdch predpisov po\u010das realiz\u00e1cie a v pr\u00edpade nedostatkov po\u017eadujeme okam\u017eit\u00fa n\u00e1pravu. Doporu\u010dujeme technick\u00e9 rie\u0161enia alebo opatrenia k zaisteniu BOZP, posudzujeme pracovn\u00e9 a technologick\u00e9 postupy, kontrolujeme \u010dasov\u00e9 v\u00e4zby a nadv\u00e4znosti realiz\u00e1cie stavby. Na kontroln\u00fdch d\u0148och prezentujeme spr\u00e1vu o dodr\u017eiavan\u00ed BOZP, pr\u00edpadne organizujeme kontroln\u00e9 prehliadky staveniska v pravideln\u00fdch intervaloch a vyhotovujeme z\u00e1pis o zisten\u00fdch nedostatkoch v BOZP na stavenisku a navrhujeme opatrenia, \u010di a ak\u00fdm sp\u00f4sobom je mo\u017en\u00e9 tieto nedostatky odstr\u00e1ni\u0165.<\/p>\n\n\n\n<div class=\"wp-block-uagb-container uagb-block-b02a4c0b alignfull uagb-is-root-container\"><div class=\"uagb-container-inner-blocks-wrap\">\n<div class=\"wp-block-uagb-advanced-heading uagb-block-ee2029f4\"><h2 class=\"uagb-heading-text\"><em><strong>In\u017einierska \u010dinnos\u0165<\/strong><\/em><\/h2><\/div>\n<\/div><\/div>\n\n\n\n<p>In\u017einierska \u010dinnos\u0165 v stavebn\u00edctve zah\u0155\u0148a v\u0161etky \u010dinnosti, ktor\u00e9 s investi\u010dnou \u010dinnos\u0165ou s\u00favisia od prvotnej my\u0161lienky za\u010da\u0165 s investi\u010dnou v\u00fdstavbou a\u017e po u\u017e\u00edvanie nehnute\u013enosti. V praxi ide predov\u0161etk\u00fdm o spracovanie investi\u010dn\u00e9ho z\u00e1meru, prvotnej dokument\u00e1cie stavby \u2013 \u0161t\u00fadie, \u00fazemn\u00e9ho rozhodnutia, stavebn\u00e9ho povolenia, zabezpe\u010denie kolaud\u00e1cie a\u017e po u\u017e\u00edvanie nehnute\u013enost\u00ed a jej pr\u00edpadn\u00fdch zmien. In\u017einierska \u010dinnos\u0165 je spojen\u00e1 predov\u0161etk\u00fdm s mno\u017estvom administrat\u00edvnej pr\u00e1ce v podobe z\u00edskania predbe\u017en\u00fdch a z\u00e1v\u00e4zn\u00fdch stanov\u00edsk obc\u00ed, vyjadren\u00ed dotknut\u00fdch org\u00e1nov, in\u0161tit\u00faci\u00ed a spr\u00e1vcov siet\u00ed, zabezpe\u010denie environment\u00e1lnej \u0161t\u00fadie (EIA), vy\u0148atie po\u013enohospod\u00e1rskej p\u00f4dy a\u017e po zmeny stavieb pred dokon\u010den\u00edm, do\u010dasn\u00e9ho u\u017e\u00edvania a samotn\u00e9ho kolauda\u010dn\u00e9ho rozhodnutia.<\/p>\n<\/div><\/div>\n\n\n\n<div class=\"wp-block-uagb-slider-child uagb-slider-child-wrap swiper-slide uagb-block-263578b3\"><div class=\"swiper-content\">\n<div class=\"wp-block-uagb-container uagb-block-016dfaad alignfull uagb-is-root-container\"><div class=\"uagb-container-inner-blocks-wrap\">\n<div class=\"wp-block-uagb-advanced-heading uagb-block-0ce12fac\"><h2 class=\"uagb-heading-text\"><em><strong>Stavebn\u00fd dozor a technick\u00fd dozor investora<\/strong><\/em><\/h2><\/div>\n<\/div><\/div>\n\n\n\n<p>Na z\u00e1klade odbornej sp\u00f4sobilosti vykon\u00e1vame \u010dinnos\u0165 stavebn\u00e9ho dozora v rozsahu povinnost\u00ed upraven\u00fdch v Stavebnom z\u00e1kone, t.j. Z\u00e1kone \u010d. 50\/1976 a to konkr\u00e9tne v \u00a7 46b. K z\u00e1kladn\u00fdm \u010dinnostiam patr\u00ed sledovanie postupov a sp\u00f4sobov uskuto\u010d\u0148ovania stavby, tak aby sa zaru\u010dila bezpe\u010dnos\u0165 a ochrana zdravia pri pr\u00e1ci, riadna in\u0161tal\u00e1cia a prev\u00e1dzka technick\u00e9ho vybavenia na stavbe, odborn\u00e9 ukladanie stavebn\u00fdch v\u00fdrobkov a hm\u00f4t, vhodnos\u0165 ich pou\u017eitia a odborn\u00e9 ukladanie strojov a zariaden\u00ed. Stavebn\u00fd dozor zodpoved\u00e1 za s\u00falad priestorovej polohy s dokument\u00e1ciou stavby, za dodr\u017eiavanie v\u0161eobecn\u00fdch technick\u00fdch po\u017eiadaviek na v\u00fdstavbu a spoluzodpoved\u00e1 za dodr\u017eiavanie podmienok \u00fazemn\u00e9ho rozhodnutia a stavebn\u00e9ho povolenia. Technick\u00fd dozor investora predstavuje komplexn\u00fd servis poskytovan\u00fd investorom nielen po\u010das v\u00fdstavby ale aj po\u010das pr\u00edpravy stavby v podobe zastupovania investora pri rokovaniach s projektantmi, dod\u00e1vate\u013eom a \u00faradmi. Po\u010das realiz\u00e1cie stavby ide predov\u0161etk\u00fdm o kontrolu kvality pr\u00e1c a dod\u00e1vok, dodr\u017eiavanie \u010dasov\u00e9ho harmonogramu v\u00fdstavby, organizovanie a riadenie kontroln\u00fdch dn\u00ed, finan\u010dn\u00e9 riadenie stavby, vedenie stavebn\u00e9ho denn\u00edka, technick\u00e9 poradenstvo, spracov\u00e1vanie reportov o priebehu v\u00fdstavby a vyhotovenie celkovej fotodokument\u00e1cie stavby.<\/p>\n<\/div><\/div>\n<\/div><\/div><div class=\"swiper-pagination\"><\/div><div class=\"swiper-button-prev\"><\/div><div class=\"swiper-button-next\"><\/div><\/div>\n<\/div>\n\n\n\n<div class=\"wp-block-uagb-container uagb-block-52c78905 alignfull uagb-is-root-container\"><div class=\"uagb-container-inner-blocks-wrap\">\n<div class=\"wp-block-uagb-advanced-heading uagb-block-fde2aefd\"><h2 class=\"uagb-heading-text\">Radi V\u00e1m porad\u00edme:<\/h2><\/div>\n\n\n\n<p class=\"has-text-align-center has-white-color has-text-color has-link-color wp-elements-4c546c286067877ea6cc7ee7768b09ff\"><i class=\"fas fa-phone\"><\/i> <strong>0948 288 284<\/strong><br><i class=\"fas fa-at\"><\/i> <strong>hico@hico.sk<\/strong><\/p>\n\n\n\n<div class=\"wp-block-uagb-buttons uagb-buttons__outer-wrap uagb-btn__default-btn uagb-btn-tablet__default-btn uagb-btn-mobile__default-btn uagb-block-ef7e1840\"><div class=\"uagb-buttons__wrap uagb-buttons-layout-wrap \">\n<div class=\"wp-block-uagb-buttons-child uagb-buttons__outer-wrap uagb-block-be6c40e9 wp-block-button\"><div class=\"uagb-button__wrapper\"><a class=\"uagb-buttons-repeater wp-block-button__link\" aria-label=\"\" href=\"https:\/\/www.new.hico.sk\/contact\/\" rel=\"follow noopener\" target=\"_self\" role=\"button\"><div class=\"uagb-button__link\">Kontaktujte n\u00e1s \u279c <\/div><\/a><\/div><\/div>\n<\/div><\/div>\n<\/div><\/div>\n\n\n\n<p><\/p>\n\n\n\n<p><\/p>\n\n\n\n<p><\/p>\n","protected":false},"excerpt":{"rendered":"<p>PROJEKTOV\u00dd MANA\u017dMENT<\/p>\n","protected":false},"author":5,"featured_media":0,"parent":0,"menu_order":0,"comment_status":"closed","ping_status":"closed","template":"","meta":{"_uag_custom_page_level_css":"","site-sidebar-layout":"default","site-content-layout":"","ast-site-content-layout":"default","site-content-style":"default","site-sidebar-style":"default","ast-global-header-display":"","ast-banner-title-visibility":"","ast-main-header-display":"","ast-hfb-above-header-display":"","ast-hfb-below-header-display":"","ast-hfb-mobile-header-display":"","site-post-title":"disabled","ast-breadcrumbs-content":"","ast-featured-img":"","footer-sml-layout":"","ast-disable-related-posts":"","theme-transparent-header-meta":"","adv-header-id-meta":"","stick-header-meta":"","header-above-stick-meta":"","header-main-stick-meta":"","header-below-stick-meta":"","astra-migrate-meta-layouts":"default","ast-page-background-enabled":"default","ast-page-background-meta":{"desktop":{"background-color":"var(--ast-global-color-4)","background-image":"","background-repeat":"repeat","background-position":"center center","background-size":"auto","background-attachment":"scroll","background-type":"","background-media":"","overlay-type":"","overlay-color":"","overlay-opacity":"","overlay-gradient":""},"tablet":{"background-color":"","background-image":"","background-repeat":"repeat","background-position":"center center","background-size":"auto","background-attachment":"scroll","background-type":"","background-media":"","overlay-type":"","overlay-color":"","overlay-opacity":"","overlay-gradient":""},"mobile":{"background-color":"","background-image":"","background-repeat":"repeat","background-position":"center center","background-size":"auto","background-attachment":"scroll","background-type":"","background-media":"","overlay-type":"","overlay-color":"","overlay-opacity":"","overlay-gradient":""}},"ast-content-background-meta":{"desktop":{"background-color":"var(--ast-global-color-5)","background-image":"","background-repeat":"repeat","background-position":"center center","background-size":"auto","background-attachment":"scroll","background-type":"","background-media":"","overlay-type":"","overlay-color":"","overlay-opacity":"","overlay-gradient":""},"tablet":{"background-color":"var(--ast-global-color-5)","background-image":"","background-repeat":"repeat","background-position":"center center","background-size":"auto","background-attachment":"scroll","background-type":"","background-media":"","overlay-type":"","overlay-color":"","overlay-opacity":"","overlay-gradient":""},"mobile":{"background-color":"var(--ast-global-color-5)","background-image":"","background-repeat":"repeat","background-position":"center center","background-size":"auto","background-attachment":"scroll","background-type":"","background-media":"","overlay-type":"","overlay-color":"","overlay-opacity":"","overlay-gradient":""}},"footnotes":""},"class_list":["post-692","page","type-page","status-publish","hentry"],"uagb_featured_image_src":{"full":false,"thumbnail":false,"medium":false,"medium_large":false,"large":false,"1536x1536":false,"2048x2048":false},"uagb_author_info":{"display_name":"admin","author_link":"https:\/\/www.hico.sk\/?author=5"},"uagb_comment_info":0,"uagb_excerpt":"PROJEKTOV\u00dd MANA\u017dMENT","_links":{"self":[{"href":"https:\/\/www.hico.sk\/index.php?rest_route=\/wp\/v2\/pages\/692","targetHints":{"allow":["GET"]}}],"collection":[{"href":"https:\/\/www.hico.sk\/index.php?rest_route=\/wp\/v2\/pages"}],"about":[{"href":"https:\/\/www.hico.sk\/index.php?rest_route=\/wp\/v2\/types\/page"}],"author":[{"embeddable":true,"href":"https:\/\/www.hico.sk\/index.php?rest_route=\/wp\/v2\/users\/5"}],"replies":[{"embeddable":true,"href":"https:\/\/www.hico.sk\/index.php?rest_route=%2Fwp%2Fv2%2Fcomments&post=692"}],"version-history":[{"count":14,"href":"https:\/\/www.hico.sk\/index.php?rest_route=\/wp\/v2\/pages\/692\/revisions"}],"predecessor-version":[{"id":1135,"href":"https:\/\/www.hico.sk\/index.php?rest_route=\/wp\/v2\/pages\/692\/revisions\/1135"}],"wp:attachment":[{"href":"https:\/\/www.hico.sk\/index.php?rest_route=%2Fwp%2Fv2%2Fmedia&parent=692"}],"curies":[{"name":"wp","href":"https:\/\/api.w.org\/{rel}","templated":true}]}}