{"id":618,"date":"2024-07-08T08:09:56","date_gmt":"2024-07-08T08:09:56","guid":{"rendered":"https:\/\/www.hornok.sk\/hico_dev_2\/?page_id=618"},"modified":"2024-07-10T20:57:34","modified_gmt":"2024-07-10T20:57:34","slug":"riadenie-nakladov","status":"publish","type":"page","link":"https:\/\/www.hico.sk\/?page_id=618","title":{"rendered":"Riadenie n\u00e1kladov"},"content":{"rendered":"\n<div data-aos= \"slide-down\" data-aos-duration=\"400\" data-aos-delay=\"0\" data-aos-easing=\"ease\" data-aos-once=\"true\" class=\"wp-block-uagb-container uagb-block-920d653e alignfull uagb-is-root-container\"><div class=\"uagb-container-inner-blocks-wrap\">\n<div data-aos= \"fade-down\" data-aos-duration=\"400\" data-aos-delay=\"0\" data-aos-easing=\"ease\" data-aos-once=\"true\" class=\"wp-block-uagb-advanced-heading uagb-block-cff03805\"><h1 class=\"uagb-heading-text\">RIADENIE N\u00c1KLADOV<\/h1><\/div>\n<\/div><\/div>\n\n\n\n<blockquote class=\"wp-block-quote is-layout-flow wp-container-core-quote-is-layout-22223934 wp-block-quote-is-layout-flow\">\n<hr class=\"wp-block-separator has-alpha-channel-opacity is-style-default\" style=\"margin-top:var(--wp--preset--spacing--50);margin-bottom:var(--wp--preset--spacing--50)\"\/>\n<cite>Spolo\u010dnos\u0165 HICO, s.r.o. poskytuje slu\u017ebu \u201eriadenia n\u00e1kladov\u201c pre v\u0161etk\u00fdch \u00fa\u010dastn\u00edkov investi\u010dn\u00e9ho procesu v stavebn\u00edctve. Od stavebn\u00fdch spolo\u010dnosti a individu\u00e1lnych stavebn\u00edkov, cez architektov a projektantov a\u017e po investorov a developerov.<br><br>Na\u0161a ponuka pre stavebn\u00e9 spolo\u010dnosti za\u010d\u00edna pri z\u00e1kladnom spracovan\u00ed ponukov\u00fdch rozpo\u010dtov s pou\u017eit\u00edm existuj\u00facich v\u00fdkazov v\u00fdmer a\u017e po komplexn\u00e9 rie\u0161enie cenov\u00fdch pon\u00fak a to aj pre verejn\u00e9 obstar\u00e1vania. Vypracovanie polo\u017ekov\u00fdch rozpo\u010dtov z dodanej projektovej dokument\u00e1cie, technick\u00fd audit projektu, spojen\u00fd s tvorbou alternat\u00edvnych rie\u0161en\u00ed v z\u00e1vislosti od lokality a aktu\u00e1lnej situ\u00e1ci\u00ed na trhu, spracovanie v\u00fdkazov materi\u00e1lov, oslovenie bud\u00facich subdod\u00e1vate\u013e, spracovanie harmonogramov a zabezpe\u010denie potrebn\u00fdch kvalifika\u010dn\u00fdch osved\u010den\u00ed, patr\u00ed k z\u00e1kladn\u00fdm slu\u017eb\u00e1m pri komplexnom rie\u0161en\u00ed cenov\u00fdch pon\u00fak pre stavebn\u00e9 spolo\u010dnosti.<br><br>Investorom, developerom i individu\u00e1lnym stavebn\u00edkom poskytujeme z\u00e1kladn\u00e9 spracovanie polo\u017ekov\u00fdch rozpo\u010dtov a slep\u00fdch rozpo\u010dtov v r\u00f4znych f\u00e1zach pr\u00edpravy projektu a na z\u00e1klade r\u00f4znych stup\u0148ov projektovej dokument\u00e1cie a\u017e po sofistikovan\u00e9 spracovanie finan\u010dno-ekonomick\u00fdch \u0161t\u00fadi\u00ed uskuto\u010dnite\u013enosti, odvetvov\u00e9 prieskumy trhu a biznis pl\u00e1ny s n\u00e1vrhom optim\u00e1lneho modelu financovania.<br><br>Pre architektov a projektantov pon\u00fakame spracovanie v\u00fdkazov v\u00fdmer, slep\u00fdch rozpo\u010dtov a polo\u017ekov\u00fdch rozpo\u010dtov \u010dast\u00ed HSV a PSV, vr\u00e1tane profesi\u00ed.<\/cite><\/blockquote>\n\n\n\n\n\n<div class=\"wp-block-uagb-container uagb-block-52c78905 alignfull uagb-is-root-container\"><div class=\"uagb-container-inner-blocks-wrap\">\n<div class=\"wp-block-uagb-advanced-heading uagb-block-fde2aefd\"><h2 class=\"uagb-heading-text\">Radi V\u00e1m porad\u00edme:<\/h2><\/div>\n\n\n\n<p class=\"has-text-align-center has-white-color has-text-color has-link-color wp-elements-4c546c286067877ea6cc7ee7768b09ff\"><i class=\"fas fa-phone\"><\/i> <strong>0948 288 284<\/strong><br><i class=\"fas fa-at\"><\/i> <strong>hico@hico.sk<\/strong><\/p>\n\n\n\n<div class=\"wp-block-uagb-buttons uagb-buttons__outer-wrap uagb-btn__default-btn uagb-btn-tablet__default-btn uagb-btn-mobile__default-btn uagb-block-ef7e1840\"><div class=\"uagb-buttons__wrap uagb-buttons-layout-wrap \">\n<div class=\"wp-block-uagb-buttons-child uagb-buttons__outer-wrap uagb-block-be6c40e9 wp-block-button\"><div class=\"uagb-button__wrapper\"><a class=\"uagb-buttons-repeater wp-block-button__link\" aria-label=\"\" href=\"https:\/\/www.new.hico.sk\/contact\/\" rel=\"follow noopener\" target=\"_self\" role=\"button\"><div class=\"uagb-button__link\">Kontaktujte n\u00e1s \u279c <\/div><\/a><\/div><\/div>\n<\/div><\/div>\n<\/div><\/div>\n","protected":false},"excerpt":{"rendered":"","protected":false},"author":5,"featured_media":0,"parent":0,"menu_order":0,"comment_status":"closed","ping_status":"closed","template":"","meta":{"_uag_custom_page_level_css":"","site-sidebar-layout":"default","site-content-layout":"","ast-site-content-layout":"default","site-content-style":"default","site-sidebar-style":"default","ast-global-header-display":"","ast-banner-title-visibility":"","ast-main-header-display":"","ast-hfb-above-header-display":"","ast-hfb-below-header-display":"","ast-hfb-mobile-header-display":"","site-post-title":"disabled","ast-breadcrumbs-content":"","ast-featured-img":"","footer-sml-layout":"","ast-disable-related-posts":"","theme-transparent-header-meta":"","adv-header-id-meta":"","stick-header-meta":"","header-above-stick-meta":"","header-main-stick-meta":"","header-below-stick-meta":"","astra-migrate-meta-layouts":"default","ast-page-background-enabled":"default","ast-page-background-meta":{"desktop":{"background-color":"var(--ast-global-color-4)","background-image":"","background-repeat":"repeat","background-position":"center center","background-size":"auto","background-attachment":"scroll","background-type":"","background-media":"","overlay-type":"","overlay-color":"","overlay-opacity":"","overlay-gradient":""},"tablet":{"background-color":"","background-image":"","background-repeat":"repeat","background-position":"center center","background-size":"auto","background-attachment":"scroll","background-type":"","background-media":"","overlay-type":"","overlay-color":"","overlay-opacity":"","overlay-gradient":""},"mobile":{"background-color":"","background-image":"","background-repeat":"repeat","background-position":"center center","background-size":"auto","background-attachment":"scroll","background-type":"","background-media":"","overlay-type":"","overlay-color":"","overlay-opacity":"","overlay-gradient":""}},"ast-content-background-meta":{"desktop":{"background-color":"var(--ast-global-color-5)","background-image":"","background-repeat":"repeat","background-position":"center center","background-size":"auto","background-attachment":"scroll","background-type":"","background-media":"","overlay-type":"","overlay-color":"","overlay-opacity":"","overlay-gradient":""},"tablet":{"background-color":"var(--ast-global-color-5)","background-image":"","background-repeat":"repeat","background-position":"center center","background-size":"auto","background-attachment":"scroll","background-type":"","background-media":"","overlay-type":"","overlay-color":"","overlay-opacity":"","overlay-gradient":""},"mobile":{"background-color":"var(--ast-global-color-5)","background-image":"","background-repeat":"repeat","background-position":"center center","background-size":"auto","background-attachment":"scroll","background-type":"","background-media":"","overlay-type":"","overlay-color":"","overlay-opacity":"","overlay-gradient":""}},"footnotes":""},"class_list":["post-618","page","type-page","status-publish","hentry"],"uagb_featured_image_src":{"full":false,"thumbnail":false,"medium":false,"medium_large":false,"large":false,"1536x1536":false,"2048x2048":false},"uagb_author_info":{"display_name":"admin","author_link":"https:\/\/www.hico.sk\/?author=5"},"uagb_comment_info":0,"uagb_excerpt":null,"_links":{"self":[{"href":"https:\/\/www.hico.sk\/index.php?rest_route=\/wp\/v2\/pages\/618","targetHints":{"allow":["GET"]}}],"collection":[{"href":"https:\/\/www.hico.sk\/index.php?rest_route=\/wp\/v2\/pages"}],"about":[{"href":"https:\/\/www.hico.sk\/index.php?rest_route=\/wp\/v2\/types\/page"}],"author":[{"embeddable":true,"href":"https:\/\/www.hico.sk\/index.php?rest_route=\/wp\/v2\/users\/5"}],"replies":[{"embeddable":true,"href":"https:\/\/www.hico.sk\/index.php?rest_route=%2Fwp%2Fv2%2Fcomments&post=618"}],"version-history":[{"count":17,"href":"https:\/\/www.hico.sk\/index.php?rest_route=\/wp\/v2\/pages\/618\/revisions"}],"predecessor-version":[{"id":666,"href":"https:\/\/www.hico.sk\/index.php?rest_route=\/wp\/v2\/pages\/618\/revisions\/666"}],"wp:attachment":[{"href":"https:\/\/www.hico.sk\/index.php?rest_route=%2Fwp%2Fv2%2Fmedia&parent=618"}],"curies":[{"name":"wp","href":"https:\/\/api.w.org\/{rel}","templated":true}]}}