{"id":31,"date":"2024-07-05T11:31:05","date_gmt":"2024-07-05T11:31:05","guid":{"rendered":"https:\/\/formidable-fantine-y4pt.zipwp.link\/?page_id=31"},"modified":"2025-12-17T13:24:07","modified_gmt":"2025-12-17T13:24:07","slug":"home","status":"publish","type":"page","link":"https:\/\/www.hico.sk\/","title":{"rendered":"Domov"},"content":{"rendered":"\n<div data-aos= \"slide-down\" data-aos-duration=\"400\" data-aos-delay=\"0\" data-aos-easing=\"ease\" data-aos-once=\"true\" class=\"wp-block-uagb-container uagb-block-00cf7abf alignfull uagb-is-root-container\"><div class=\"uagb-container-inner-blocks-wrap\">\n<div class=\"wp-block-uagb-advanced-heading uagb-block-935a3472\"><h1 class=\"uagb-heading-text\">Komplexn\u00e9 mana\u017e\u00e9rske slu\u017eby v stavebn\u00edctve<\/h1><\/div>\n<\/div><\/div>\n\n\n\n<div class=\"wp-block-uagb-container uagb-block-71453ca4 alignfull uagb-is-root-container\"><div class=\"uagb-container-inner-blocks-wrap\">\n<div class=\"wp-block-uagb-advanced-heading uagb-block-72307639\"><h3 class=\"uagb-heading-text\">Spolo\u010dnos\u0165  HICO s.r.o.,<\/h3><p class=\"uagb-desc-text\"> so s\u00eddlom na Slia\u010di, poskytuje od roku 2010, komplexn\u00e9 poradensk\u00e9 slu\u017eby v stavebn\u00edctve. Profesion\u00e1lny pr\u00edstup, odborn\u00e9 sk\u00fasenosti, flexibilita a vysok\u00e1 kvalita poskytovan\u00fdch slu\u017eieb v oblasti projektov\u00e9ho mana\u017ementu a riadenia n\u00e1kladov, s\u00fa hlavn\u00e9 d\u00f4vody pre\u010do n\u00e1s vyh\u013ead\u00e1vaj\u00fa z\u00e1stupcovia v\u0161etk\u00fdch sektorov stavebn\u00edctva. Od stavebn\u00fdch spolo\u010dnosti a individu\u00e1lnych stavebn\u00edkov, cez architektov a projektantov a\u017e po investorov a developerov. \u0160pecifickou \u010dinnos\u0165ou na\u0161ej spolo\u010dnosti je kompletn\u00e9 riadenie projektov z fondov Eur\u00f3pskej \u00fanie vr\u00e1tane zabezpe\u010denia verejn\u00e9ho obstar\u00e1vania a poradenstvo pri projektoch so zmluvn\u00fdmi podmienkami FIDIC. Spolo\u010dnos\u0165 HICO s.r.o., je z\u00e1rukou \u00faspechu aj t\u00fdch najn\u00e1ro\u010dnej\u0161\u00edch projektov pozemn\u00e9ho stavite\u013estva a poskytuje rie\u0161enia pre sofistikovan\u00e9 probl\u00e9my v stavebn\u00edctve.<br><br>Te\u0161\u00edme sa na spolupr\u00e1cu s Vami.<br><br>Ing. Mat\u00fa\u0161 Hornok<br>riadite\u013e spolo\u010dnosti<\/p><\/div>\n<\/div><\/div>\n\n\n\n<div class=\"wp-block-uagb-container uagb-block-619ad332 alignfull uagb-is-root-container\"><div class=\"uagb-container-inner-blocks-wrap\">\n<div class=\"wp-block-uagb-container uagb-block-e76c2ac4\">\n<div class=\"wp-block-uagb-container uagb-block-8d2ac9d6\">\n<div class=\"wp-block-uagb-image alignleft uagb-block-4d732e76 wp-block-uagb-image--layout-overlay wp-block-uagb-image--effect-static wp-block-uagb-image--align-left aligncenter\"><figure class=\"wp-block-uagb-image__figure\"><img decoding=\"async\" srcset=\"https:\/\/www.hico.sk\/wp-content\/uploads\/2024\/07\/1-1024x576.jpg ,https:\/\/www.hico.sk\/wp-content\/uploads\/2024\/07\/1-scaled.jpg 780w, https:\/\/www.hico.sk\/wp-content\/uploads\/2024\/07\/1-scaled.jpg 360w\" sizes=\"auto, (max-width: 480px) 150px\" src=\"https:\/\/www.hico.sk\/wp-content\/uploads\/2024\/07\/1-1024x576.jpg\" alt=\"\" class=\"uag-image-839\" width=\"350\" height=\"360\" title=\"Bytov\u00fd dom Kub\u00e1niho dvory vo Zvolene\" loading=\"lazy\" role=\"img\"\/><div class=\"wp-block-uagb-image--layout-overlay__color-wrapper\"><\/div><div class=\"wp-block-uagb-image--layout-overlay__inner center-center\"><figcaption class=\"uagb-image-caption\">Bytov\u00fd dom Kub\u00e1niho dvory vo Zvolene<\/figcaption><\/div><\/figure><\/div>\n\n\n\n<div class=\"wp-block-uagb-info-box uagb-block-73ae9bd9 uagb-infobox__content-wrap  uagb-infobox-icon-above-title uagb-infobox-image-valign-top\"><div class=\"uagb-ifb-content\"><div class=\"uagb-ifb-title-wrap\"><h3 class=\"uagb-ifb-title\">Projektov\u00fd mana\u017ement<\/h3><\/div><p class=\"uagb-ifb-desc\">Na\u0161a spolo\u010dnos\u0165 V\u00e1m pon\u00faka komplexn\u00e9 riadenie stavebn\u00fdch projektov pozemn\u00e9ho stavite\u013estva vo v\u0161etk\u00fdch f\u00e1zach investi\u010dn\u00e9ho procesu vr\u00e1tane in\u017einierskej \u010dinnosti, stavebn\u00e9ho dozoru, technick\u00e9ho dozoru investora a koordin\u00e1tora bezpe\u010dnosti. V na\u0161ej ponuke nech\u00fdba vypracovanie v\u0161etk\u00fdch stup\u0148ov projektovej dokument\u00e1cie, riadenie a koordin\u00e1cia stavieb, komplexn\u00e9 rie\u0161enie projektov z fondov EU a zabezpe\u010denie verejn\u00e9ho obstar\u00e1vania.<\/p><div class=\"uagb-ifb-button-wrapper wp-block-button\"><a href=\"https:\/\/www.new.hico.sk\/projektovy-manazment\/\" class=\"uagb-infobox-cta-link ast-outline-button\" target=\"_self\" rel=\"noopener noreferrer\" style=\"border-width:revert-layer\" onclick=\"return true;\"><span class=\"uagb-inline-editing\">Zisti viac<\/span><svg xmlns=\"https:\/\/www.w3.org\/2000\/svg\" viewBox=\"0 0 448 512\"><path d=\"M438.6 278.6l-160 160C272.4 444.9 264.2 448 256 448s-16.38-3.125-22.62-9.375c-12.5-12.5-12.5-32.75 0-45.25L338.8 288H32C14.33 288 .0016 273.7 .0016 256S14.33 224 32 224h306.8l-105.4-105.4c-12.5-12.5-12.5-32.75 0-45.25s32.75-12.5 45.25 0l160 160C451.1 245.9 451.1 266.1 438.6 278.6z\"><\/path><\/svg><\/a><\/div><\/div><\/div>\n<\/div>\n\n\n\n<div class=\"wp-block-uagb-container uagb-block-be805083\">\n<div class=\"wp-block-uagb-image alignleft uagb-block-1ae7d298 wp-block-uagb-image--layout-overlay wp-block-uagb-image--effect-static wp-block-uagb-image--align-left aligncenter\"><figure class=\"wp-block-uagb-image__figure\"><img decoding=\"async\" srcset=\"https:\/\/www.hico.sk\/wp-content\/uploads\/2024\/07\/3-4-1024x768.jpg ,https:\/\/www.hico.sk\/wp-content\/uploads\/2024\/07\/3-4.jpg 780w, https:\/\/www.hico.sk\/wp-content\/uploads\/2024\/07\/3-4.jpg 360w\" sizes=\"auto, (max-width: 480px) 150px\" src=\"https:\/\/www.hico.sk\/wp-content\/uploads\/2024\/07\/3-4-1024x768.jpg\" alt=\"\" class=\"uag-image-828\" width=\"350\" height=\"360\" title=\"\" loading=\"lazy\" role=\"img\"\/><div class=\"wp-block-uagb-image--layout-overlay__color-wrapper\"><\/div><div class=\"wp-block-uagb-image--layout-overlay__inner center-center\"><\/div><\/figure><\/div>\n\n\n\n<div class=\"wp-block-uagb-info-box uagb-block-7e9b171c uagb-infobox__content-wrap  uagb-infobox-icon-above-title uagb-infobox-image-valign-top\"><div class=\"uagb-ifb-content\"><div class=\"uagb-ifb-title-wrap\"><h3 class=\"uagb-ifb-title\">Riadenie n\u00e1kladov<\/h3><\/div><p class=\"uagb-ifb-desc\">Riadenie n\u00e1kladov je k\u013e\u00fa\u010dovou \u010dinnos\u0165ou projektov\u00e9ho riadenia stavby. Cie\u013eom je re\u00e1lne stanovenie potreby investi\u010dn\u00fdch prostriedkov a t\u00fdm vytvori\u0165 podmienky pre spr\u00e1vne mana\u017e\u00e9rske rozhodnutia. Proces riadenia n\u00e1kladov ch\u00e1peme ako nepretr\u017eit\u00fd proces optimaliz\u00e1cie projektov\u00e9ho riadenia stavby z h\u013eadiska n\u00e1kladov. Tento proces je z\u00e1visl\u00ed od viacer\u00fdch faktorov ako napr\u00edklad \u010dasov\u00e9 term\u00edny, technick\u00e9 rie\u0161enie stavby ale i miesto realiz\u00e1cie stavby.<\/p><div class=\"uagb-ifb-button-wrapper wp-block-button\"><a href=\"https:\/\/www.new.hico.sk\/riadenie-nakladov\/\" class=\"uagb-infobox-cta-link ast-outline-button\" target=\"_self\" rel=\"noopener noreferrer\" style=\"border-width:revert-layer\" onclick=\"return true;\"><span class=\"uagb-inline-editing\">Zisti viac<\/span><svg xmlns=\"https:\/\/www.w3.org\/2000\/svg\" viewBox=\"0 0 448 512\"><path d=\"M438.6 278.6l-160 160C272.4 444.9 264.2 448 256 448s-16.38-3.125-22.62-9.375c-12.5-12.5-12.5-32.75 0-45.25L338.8 288H32C14.33 288 .0016 273.7 .0016 256S14.33 224 32 224h306.8l-105.4-105.4c-12.5-12.5-12.5-32.75 0-45.25s32.75-12.5 45.25 0l160 160C451.1 245.9 451.1 266.1 438.6 278.6z\"><\/path><\/svg><\/a><\/div><\/div><\/div>\n<\/div>\n\n\n\n<div class=\"wp-block-uagb-container uagb-block-325ef570\">\n<div class=\"wp-block-uagb-image alignleft uagb-block-199a156b wp-block-uagb-image--layout-overlay wp-block-uagb-image--effect-static wp-block-uagb-image--align-left aligncenter\"><figure class=\"wp-block-uagb-image__figure\"><img decoding=\"async\" srcset=\"https:\/\/www.hico.sk\/wp-content\/uploads\/2025\/04\/Salvia-1024x572.jpg ,https:\/\/www.hico.sk\/wp-content\/uploads\/2025\/04\/Salvia.jpg 780w, https:\/\/www.hico.sk\/wp-content\/uploads\/2025\/04\/Salvia.jpg 360w\" sizes=\"auto, (max-width: 480px) 150px\" src=\"https:\/\/www.hico.sk\/wp-content\/uploads\/2025\/04\/Salvia-1024x572.jpg\" alt=\"\" class=\"uag-image-1118\" width=\"350\" height=\"360\" title=\"\u0160alvia\" loading=\"lazy\" role=\"img\"\/><div class=\"wp-block-uagb-image--layout-overlay__color-wrapper\"><\/div><div class=\"wp-block-uagb-image--layout-overlay__inner center-center\"><\/div><\/figure><\/div>\n\n\n\n<div class=\"wp-block-columns is-layout-flex wp-container-core-columns-is-layout-28f84493 wp-block-columns-is-layout-flex\">\n<div class=\"wp-block-column is-layout-flow wp-block-column-is-layout-flow\" style=\"flex-basis:100%\">\n<div class=\"wp-block-uagb-info-box uagb-block-fb17e3f8 uagb-infobox__content-wrap  uagb-infobox-icon-above-title uagb-infobox-image-valign-top\"><div class=\"uagb-ifb-content\"><div class=\"uagb-ifb-title-wrap\"><h3 class=\"uagb-ifb-title\">Firemn\u00e1 identita a kult\u00fara<\/h3><\/div><p class=\"uagb-ifb-desc\">\u00daspe\u0161n\u00e1 firma potrebuje definova\u0165 svoj \u0161t\u00fdl na to, aby dok\u00e1zala upevni\u0165 svoje miesto na trhu. Potreba jednozna\u010dne sa identifikova\u0165 v o\u010diach z\u00e1kazn\u00edkov, ale aj vlastn\u00fdch zamestnancov je z\u00e1kladom udr\u017eate\u013en\u00e9ho firemn\u00e9ho rozvoja.<\/p><div class=\"uagb-ifb-button-wrapper wp-block-button\"><a href=\"https:\/\/www.new.hico.sk\/firemna-identita-a-kultura\/\" class=\"uagb-infobox-cta-link ast-outline-button\" target=\"_self\" rel=\"noopener noreferrer\" style=\"border-width:revert-layer\" onclick=\"return true;\"><span class=\"uagb-inline-editing\">Zisti viac<\/span><svg xmlns=\"https:\/\/www.w3.org\/2000\/svg\" viewBox=\"0 0 448 512\"><path d=\"M438.6 278.6l-160 160C272.4 444.9 264.2 448 256 448s-16.38-3.125-22.62-9.375c-12.5-12.5-12.5-32.75 0-45.25L338.8 288H32C14.33 288 .0016 273.7 .0016 256S14.33 224 32 224h306.8l-105.4-105.4c-12.5-12.5-12.5-32.75 0-45.25s32.75-12.5 45.25 0l160 160C451.1 245.9 451.1 266.1 438.6 278.6z\"><\/path><\/svg><\/a><\/div><\/div><\/div>\n<\/div>\n<\/div>\n<\/div>\n<\/div>\n<\/div><\/div>\n\n\n\n\n\n<div class=\"wp-block-uagb-container uagb-block-52c78905 alignfull uagb-is-root-container\"><div class=\"uagb-container-inner-blocks-wrap\">\n<div class=\"wp-block-uagb-advanced-heading uagb-block-fde2aefd\"><h2 class=\"uagb-heading-text\">Radi V\u00e1m porad\u00edme:<\/h2><\/div>\n\n\n\n<p class=\"has-text-align-center has-white-color has-text-color has-link-color wp-elements-4c546c286067877ea6cc7ee7768b09ff\"><i class=\"fas fa-phone\"><\/i> <strong>0948 288 284<\/strong><br><i class=\"fas fa-at\"><\/i> <strong>hico@hico.sk<\/strong><\/p>\n\n\n\n<div class=\"wp-block-uagb-buttons uagb-buttons__outer-wrap uagb-btn__default-btn uagb-btn-tablet__default-btn uagb-btn-mobile__default-btn uagb-block-ef7e1840\"><div class=\"uagb-buttons__wrap uagb-buttons-layout-wrap \">\n<div class=\"wp-block-uagb-buttons-child uagb-buttons__outer-wrap uagb-block-be6c40e9 wp-block-button\"><div class=\"uagb-button__wrapper\"><a class=\"uagb-buttons-repeater wp-block-button__link\" aria-label=\"\" href=\"https:\/\/www.new.hico.sk\/contact\/\" rel=\"follow noopener\" target=\"_self\" role=\"button\"><div class=\"uagb-button__link\">Kontaktujte n\u00e1s \u279c <\/div><\/a><\/div><\/div>\n<\/div><\/div>\n<\/div><\/div>\n","protected":false},"excerpt":{"rendered":"<p>Komplexn\u00e9 mana\u017e\u00e9rske slu\u017eby v stavebn\u00edctve Spolo\u010dnos\u0165 HICO s.r.o., so s\u00eddlom na Slia\u010di, poskytuje od roku 2010, komplexn\u00e9 poradensk\u00e9 slu\u017eby v [&hellip;]<\/p>\n","protected":false},"author":5,"featured_media":0,"parent":0,"menu_order":0,"comment_status":"closed","ping_status":"closed","template":"","meta":{"_uag_custom_page_level_css":"","site-sidebar-layout":"no-sidebar","site-content-layout":"","ast-site-content-layout":"normal-width-container","site-content-style":"default","site-sidebar-style":"default","ast-global-header-display":"","ast-banner-title-visibility":"disabled","ast-main-header-display":"","ast-hfb-above-header-display":"","ast-hfb-below-header-display":"","ast-hfb-mobile-header-display":"","site-post-title":"disabled","ast-breadcrumbs-content":"","ast-featured-img":"","footer-sml-layout":"","ast-disable-related-posts":"","theme-transparent-header-meta":"enabled","adv-header-id-meta":"","stick-header-meta":"","header-above-stick-meta":"","header-main-stick-meta":"","header-below-stick-meta":"","astra-migrate-meta-layouts":"","ast-page-background-enabled":"default","ast-page-background-meta":{"desktop":{"background-color":"var(--ast-global-color-4)","background-image":"","background-repeat":"repeat","background-position":"center center","background-size":"auto","background-attachment":"scroll","background-type":"","background-media":"","overlay-type":"","overlay-color":"","overlay-opacity":"","overlay-gradient":""},"tablet":{"background-color":"","background-image":"","background-repeat":"repeat","background-position":"center center","background-size":"auto","background-attachment":"scroll","background-type":"","background-media":"","overlay-type":"","overlay-color":"","overlay-opacity":"","overlay-gradient":""},"mobile":{"background-color":"","background-image":"","background-repeat":"repeat","background-position":"center center","background-size":"auto","background-attachment":"scroll","background-type":"","background-media":"","overlay-type":"","overlay-color":"","overlay-opacity":"","overlay-gradient":""}},"ast-content-background-meta":{"desktop":{"background-color":"var(--ast-global-color-5)","background-image":"","background-repeat":"repeat","background-position":"center center","background-size":"auto","background-attachment":"scroll","background-type":"","background-media":"","overlay-type":"","overlay-color":"","overlay-opacity":"","overlay-gradient":""},"tablet":{"background-color":"var(--ast-global-color-5)","background-image":"","background-repeat":"repeat","background-position":"center center","background-size":"auto","background-attachment":"scroll","background-type":"","background-media":"","overlay-type":"","overlay-color":"","overlay-opacity":"","overlay-gradient":""},"mobile":{"background-color":"var(--ast-global-color-5)","background-image":"","background-repeat":"repeat","background-position":"center center","background-size":"auto","background-attachment":"scroll","background-type":"","background-media":"","overlay-type":"","overlay-color":"","overlay-opacity":"","overlay-gradient":""}},"footnotes":""},"class_list":["post-31","page","type-page","status-publish","hentry"],"uagb_featured_image_src":{"full":false,"thumbnail":false,"medium":false,"medium_large":false,"large":false,"1536x1536":false,"2048x2048":false},"uagb_author_info":{"display_name":"admin","author_link":"https:\/\/www.hico.sk\/?author=5"},"uagb_comment_info":0,"uagb_excerpt":"Komplexn\u00e9 mana\u017e\u00e9rske slu\u017eby v stavebn\u00edctve Spolo\u010dnos\u0165 HICO s.r.o., so s\u00eddlom na Slia\u010di, poskytuje od roku 2010, komplexn\u00e9 poradensk\u00e9 slu\u017eby v [&hellip;]","_links":{"self":[{"href":"https:\/\/www.hico.sk\/index.php?rest_route=\/wp\/v2\/pages\/31","targetHints":{"allow":["GET"]}}],"collection":[{"href":"https:\/\/www.hico.sk\/index.php?rest_route=\/wp\/v2\/pages"}],"about":[{"href":"https:\/\/www.hico.sk\/index.php?rest_route=\/wp\/v2\/types\/page"}],"author":[{"embeddable":true,"href":"https:\/\/www.hico.sk\/index.php?rest_route=\/wp\/v2\/users\/5"}],"replies":[{"embeddable":true,"href":"https:\/\/www.hico.sk\/index.php?rest_route=%2Fwp%2Fv2%2Fcomments&post=31"}],"version-history":[{"count":47,"href":"https:\/\/www.hico.sk\/index.php?rest_route=\/wp\/v2\/pages\/31\/revisions"}],"predecessor-version":[{"id":1161,"href":"https:\/\/www.hico.sk\/index.php?rest_route=\/wp\/v2\/pages\/31\/revisions\/1161"}],"wp:attachment":[{"href":"https:\/\/www.hico.sk\/index.php?rest_route=%2Fwp%2Fv2%2Fmedia&parent=31"}],"curies":[{"name":"wp","href":"https:\/\/api.w.org\/{rel}","templated":true}]}}